{"id":41151,"date":"2025-01-28T17:44:43","date_gmt":"2025-01-28T15:44:43","guid":{"rendered":"https:\/\/fifaa.ee\/?post_type=product&#038;p=41151"},"modified":"2026-04-01T21:00:09","modified_gmt":"2026-04-01T18:00:09","slug":"vinga-bermond-rcs-taaskasutatud-pu-tualett-tarvete-kott","status":"publish","type":"product","link":"https:\/\/fifaa.ee\/en\/product\/vinga-bermond-rcs-taaskasutatud-pu-tualett-tarvete-kott\/","title":{"rendered":"VINGA Bermond RCS recycled PU toiletry bag"},"content":{"rendered":"<p>Effortlessly organize your travel essentials with our spacious toiletry bag. Designed with a clean and simple aesthetic, it&#039;s made from recycled PU and lined to RCS standards. A zipper at the short ends allows for easy access to the entire bag, making it convenient to carry on the go. RCS (Recycled Claim Standard) certified RSC certification ensures that the entire recycled content supply chain is certified. Total recycled content is based on the total weight of the product. This product contains 32% RCS certified recycled polyester and 11% RCS certified recycled PU<\/p>","protected":false},"excerpt":{"rendered":"<p>Korraldage vaevata oma reisitarbed meie mahuka tualetitarvete kotiga. Disainitud puhta ja lihtsa esteetikaga, see on valmistatud ringlussev\u00f5etud PU-st ja voodriga vastavalt RCS-i standarditele. L\u00fchikestes otstes olev t\u00f5mblukk v\u00f5imaldab h\u00f5lpsat juurdep\u00e4\u00e4su kogu kotile, muutes selle mugavaks liikvel olles. RCS (Recycled Claim Standard) sertifitseeritud RSC sertifikaat tagab, et kogu taaskasutatud materjalide tarneahel on sertifitseeritud. Taaskasutatud kogusisaldus p\u00f5hineb [&hellip;]<\/p>\n","protected":false},"featured_media":41170,"template":"","meta":{"_acf_changed":false},"product_brand":[],"product_cat":[627],"product_tag":[659],"class_list":{"0":"post-41151","1":"product","2":"type-product","3":"status-publish","4":"has-post-thumbnail","6":"product_cat-reisikotid","7":"product_tag-more-colors","8":"pa_varv-must","9":"pa_varv-pruun","11":"first","12":"instock","13":"taxable","14":"shipping-taxable","15":"purchasable","16":"product-type-variable","17":"has-default-attributes"},"acf":[],"_links":{"self":[{"href":"https:\/\/fifaa.ee\/en\/wp-json\/wp\/v2\/product\/41151","targetHints":{"allow":["GET"]}}],"collection":[{"href":"https:\/\/fifaa.ee\/en\/wp-json\/wp\/v2\/product"}],"about":[{"href":"https:\/\/fifaa.ee\/en\/wp-json\/wp\/v2\/types\/product"}],"wp:featuredmedia":[{"embeddable":true,"href":"https:\/\/fifaa.ee\/en\/wp-json\/wp\/v2\/media\/41170"}],"wp:attachment":[{"href":"https:\/\/fifaa.ee\/en\/wp-json\/wp\/v2\/media?parent=41151"}],"wp:term":[{"taxonomy":"product_brand","embeddable":true,"href":"https:\/\/fifaa.ee\/en\/wp-json\/wp\/v2\/product_brand?post=41151"},{"taxonomy":"product_cat","embeddable":true,"href":"https:\/\/fifaa.ee\/en\/wp-json\/wp\/v2\/product_cat?post=41151"},{"taxonomy":"product_tag","embeddable":true,"href":"https:\/\/fifaa.ee\/en\/wp-json\/wp\/v2\/product_tag?post=41151"}],"curies":[{"name":"wp","href":"https:\/\/api.w.org\/{rel}","templated":true}]}}