{"id":41153,"date":"2025-01-28T17:44:43","date_gmt":"2025-01-28T15:44:43","guid":{"rendered":"https:\/\/fifaa.ee\/?post_type=product&#038;p=41153"},"modified":"2026-04-01T21:00:30","modified_gmt":"2026-04-01T18:00:30","slug":"vinga-baltimore-rcs-taaskasutatud-poluestrist-pagasilipik","status":"publish","type":"product","link":"https:\/\/fifaa.ee\/en\/product\/vinga-baltimore-rcs-taaskasutatud-poluestrist-pagasilipik\/","title":{"rendered":"VINGA Baltimore RCS recycled polyester luggage tag"},"content":{"rendered":"<p>A clean and simple luggage tag, perfect for business or leisure travel. The luggage tag easily attaches to any type of bag via the loop. It includes an address label where you can enter your name and contact details, making it easy to identify your luggage. Certified to the RCS (Recycled Claim Standard), the RCS certification ensures that the entire recycled content supply chain is certified. The total recycled content is based on the total weight of the product. This product contains 20% RCS-certified recycled polyester.<\/p>","protected":false},"excerpt":{"rendered":"<p>Puhas ja lihtne pagasilipik, sobib ideaalselt \u00e4rireisideks v\u00f5i puhkuseks. Pagasilipik kinnitub aasa kaudu h\u00f5lpsasti igat t\u00fc\u00fcpi kottide k\u00fclge. See sisaldab aadressisildi, kuhu saab sisestada nime ja kontaktandmed, mis teeb pagasit h\u00f5lpsaks tuvastamiseks. RCS-i (Recycled Claim Standard) kohaselt sertifitseeritud RCS-sertifikaat tagab, et kogu taaskasutatud materjalide tarneahel on sertifitseeritud. Taaskasutatud kogusisaldus p\u00f5hineb toote kogumassil. See toode sisaldab [&hellip;]<\/p>\n","protected":false},"featured_media":41182,"template":"","meta":{"_acf_changed":false},"product_brand":[],"product_cat":[627],"product_tag":[659],"class_list":{"0":"post-41153","1":"product","2":"type-product","3":"status-publish","4":"has-post-thumbnail","6":"product_cat-reisikotid","7":"product_tag-more-colors","8":"pa_varv-must","9":"pa_varv-roheline","10":"pa_varv-sinine","12":"first","13":"instock","14":"taxable","15":"shipping-taxable","16":"purchasable","17":"product-type-variable","18":"has-default-attributes"},"acf":[],"_links":{"self":[{"href":"https:\/\/fifaa.ee\/en\/wp-json\/wp\/v2\/product\/41153","targetHints":{"allow":["GET"]}}],"collection":[{"href":"https:\/\/fifaa.ee\/en\/wp-json\/wp\/v2\/product"}],"about":[{"href":"https:\/\/fifaa.ee\/en\/wp-json\/wp\/v2\/types\/product"}],"wp:featuredmedia":[{"embeddable":true,"href":"https:\/\/fifaa.ee\/en\/wp-json\/wp\/v2\/media\/41182"}],"wp:attachment":[{"href":"https:\/\/fifaa.ee\/en\/wp-json\/wp\/v2\/media?parent=41153"}],"wp:term":[{"taxonomy":"product_brand","embeddable":true,"href":"https:\/\/fifaa.ee\/en\/wp-json\/wp\/v2\/product_brand?post=41153"},{"taxonomy":"product_cat","embeddable":true,"href":"https:\/\/fifaa.ee\/en\/wp-json\/wp\/v2\/product_cat?post=41153"},{"taxonomy":"product_tag","embeddable":true,"href":"https:\/\/fifaa.ee\/en\/wp-json\/wp\/v2\/product_tag?post=41153"}],"curies":[{"name":"wp","href":"https:\/\/api.w.org\/{rel}","templated":true}]}}