{"id":41154,"date":"2025-01-28T17:44:43","date_gmt":"2025-01-28T15:44:43","guid":{"rendered":"https:\/\/fifaa.ee\/?post_type=product&#038;p=41154"},"modified":"2026-04-01T21:01:02","modified_gmt":"2026-04-01T18:01:02","slug":"vinga-baltimore-reisi-tualett-tarvete-kott","status":"publish","type":"product","link":"https:\/\/fifaa.ee\/en\/product\/vinga-baltimore-reisi-tualett-tarvete-kott\/","title":{"rendered":"VINGA Baltimore travel toiletry bag"},"content":{"rendered":"<p>Keep your travel essentials organized in style with our travel toiletry bag, made from water-repellent nubuck PU material that is both stylish and practical. The material is easy to clean and repels water, making it ideal for use on the go. The interior of the bag is maximized for organization, with multiple pockets for all your toiletries. The bag also features a hook design that allows it to be easily hung up when traveling.<\/p>","protected":false},"excerpt":{"rendered":"<p>Hoidke oma reisitarbed stiilselt korrastatud meie reisi tualett-tarvete kotiga, mis on valmistatud vetth\u00fclgavast nubuk-PU materjalist, mis on \u00fchtaegu stiilne ja praktiline. Materjali on lihtne puhastada ja see t\u00f5rjub vett, mist\u00f5ttu on see ideaalne kasutamiseks liikvel olles. Koti sisemus on korraldamiseks maksimeeritud, mitme taskuga k\u00f5igi teie tualetitarvete jaoks. Kotil on ka konksuga disain, mis v\u00f5imaldab seda [&hellip;]<\/p>\n","protected":false},"featured_media":41190,"template":"","meta":{"_acf_changed":false},"product_brand":[],"product_cat":[627],"product_tag":[659],"class_list":{"0":"post-41154","1":"product","2":"type-product","3":"status-publish","4":"has-post-thumbnail","6":"product_cat-reisikotid","7":"product_tag-more-colors","8":"pa_varv-must","9":"pa_varv-roheline","10":"pa_varv-sinine","12":"first","13":"instock","14":"taxable","15":"shipping-taxable","16":"purchasable","17":"product-type-variable","18":"has-default-attributes"},"acf":[],"_links":{"self":[{"href":"https:\/\/fifaa.ee\/en\/wp-json\/wp\/v2\/product\/41154","targetHints":{"allow":["GET"]}}],"collection":[{"href":"https:\/\/fifaa.ee\/en\/wp-json\/wp\/v2\/product"}],"about":[{"href":"https:\/\/fifaa.ee\/en\/wp-json\/wp\/v2\/types\/product"}],"wp:featuredmedia":[{"embeddable":true,"href":"https:\/\/fifaa.ee\/en\/wp-json\/wp\/v2\/media\/41190"}],"wp:attachment":[{"href":"https:\/\/fifaa.ee\/en\/wp-json\/wp\/v2\/media?parent=41154"}],"wp:term":[{"taxonomy":"product_brand","embeddable":true,"href":"https:\/\/fifaa.ee\/en\/wp-json\/wp\/v2\/product_brand?post=41154"},{"taxonomy":"product_cat","embeddable":true,"href":"https:\/\/fifaa.ee\/en\/wp-json\/wp\/v2\/product_cat?post=41154"},{"taxonomy":"product_tag","embeddable":true,"href":"https:\/\/fifaa.ee\/en\/wp-json\/wp\/v2\/product_tag?post=41154"}],"curies":[{"name":"wp","href":"https:\/\/api.w.org\/{rel}","templated":true}]}}