{"id":413661,"date":"2026-04-02T15:06:44","date_gmt":"2026-04-02T12:06:44","guid":{"rendered":"https:\/\/fifaa.ee\/?post_type=product&#038;p=413661"},"modified":"2026-04-02T15:38:26","modified_gmt":"2026-04-02T12:38:26","slug":"wenatchee-jacket-men","status":"publish","type":"product","link":"https:\/\/fifaa.ee\/en\/product\/wenatchee-jacket-men\/","title":{"rendered":"Wenatchee Jacket Men"},"content":{"rendered":"<p>Wenatchee jope on ideaalne valik k\u00fclmadel talvedel, olles sobiv nii \u00f5ues kandmiseks kui ka t\u00f6\u00f6le s\u00f5iduks. Kuni 50% kangast on valmistatud taaskasutatud pol\u00fcesterl\u00f5ngast, mis on saadud kasutuselt k\u00f5rvaldatud plastist. Jope on erakordselt kerge t\u00e4nu k\u00f5rgele isolatsioonile, mis on valmistatud s\u00fcnteetilisest ja taastuvast taimsest materjalist. Eemaldatav ja reguleeritav kapuuts ning kahesuunaline t\u00f5mblukk lisavad funktsionaalsust.<\/p>","protected":false},"excerpt":{"rendered":"<p>Wenatchee jope on ideaalne valik k\u00fclmadel talvedel, olles sobiv nii \u00f5ues kandmiseks kui ka t\u00f6\u00f6le s\u00f5iduks. Kuni 50% kangast on valmistatud taaskasutatud pol\u00fcesterl\u00f5ngast, mis on saadud kasutuselt k\u00f5rvaldatud plastist. Jope on erakordselt kerge t\u00e4nu k\u00f5rgele isolatsioonile, mis on valmistatud s\u00fcnteetilisest ja taastuvast taimsest materjalist. Eemaldatav ja reguleeritav kapuuts ning kahesuunaline t\u00f5mblukk lisavad funktsionaalsust.<\/p>","protected":false},"featured_media":413670,"template":"","meta":{"_acf_changed":false},"product_brand":[],"product_cat":[712,306],"product_tag":[659],"class_list":{"0":"post-413661","1":"product","2":"type-product","3":"status-publish","4":"has-post-thumbnail","6":"product_cat-joped","7":"product_cat-jope","8":"product_tag-more-colors","9":"pa_brand-cutter-buck","10":"pa_suurus-s","11":"pa_suurus-m","12":"pa_suurus-l","13":"pa_suurus-xl","14":"pa_suurus-xxl","15":"pa_suurus-3xl","16":"pa_suurus-4xl","17":"pa_varv-must","19":"first","20":"instock","21":"taxable","22":"shipping-taxable","23":"purchasable","24":"product-type-variable","25":"has-default-attributes"},"acf":[],"_links":{"self":[{"href":"https:\/\/fifaa.ee\/en\/wp-json\/wp\/v2\/product\/413661","targetHints":{"allow":["GET"]}}],"collection":[{"href":"https:\/\/fifaa.ee\/en\/wp-json\/wp\/v2\/product"}],"about":[{"href":"https:\/\/fifaa.ee\/en\/wp-json\/wp\/v2\/types\/product"}],"wp:featuredmedia":[{"embeddable":true,"href":"https:\/\/fifaa.ee\/en\/wp-json\/wp\/v2\/media\/413670"}],"wp:attachment":[{"href":"https:\/\/fifaa.ee\/en\/wp-json\/wp\/v2\/media?parent=413661"}],"wp:term":[{"taxonomy":"product_brand","embeddable":true,"href":"https:\/\/fifaa.ee\/en\/wp-json\/wp\/v2\/product_brand?post=413661"},{"taxonomy":"product_cat","embeddable":true,"href":"https:\/\/fifaa.ee\/en\/wp-json\/wp\/v2\/product_cat?post=413661"},{"taxonomy":"product_tag","embeddable":true,"href":"https:\/\/fifaa.ee\/en\/wp-json\/wp\/v2\/product_tag?post=413661"}],"curies":[{"name":"wp","href":"https:\/\/api.w.org\/{rel}","templated":true}]}}