{"id":414686,"date":"2026-04-02T15:10:10","date_gmt":"2026-04-02T12:10:10","guid":{"rendered":"https:\/\/fifaa.ee\/?post_type=product&#038;p=414686"},"modified":"2026-04-02T15:38:24","modified_gmt":"2026-04-02T12:38:24","slug":"adv-join-sweat-pant-w","status":"publish","type":"product","link":"https:\/\/fifaa.ee\/en\/product\/adv-join-sweat-pant-w\/","title":{"rendered":"ADV Join Sweat pant W"},"content":{"rendered":"<p>A lightly insulated jacket that combines aesthetics and functionality, suitable for a variety of situations.<\/p>\n<p>This stylish jacket combines a waterproof shell fabric with a breathable polyester insulation layer. The result is a versatile jacket that provides just enough warmth, allowing it to be worn over a t-shirt or under a heavier jacket when the temperatures drop. It also features a button-down front, a shirt collar, two side pockets with zips and a chest pocket with zips.<\/p>","protected":false},"excerpt":{"rendered":"<p>kergelt soojustatud jope, mis \u00fchendab esteetika ja funktsionaalsuse, olles sobiv erinevatele olukordadele. See stiilne jope \u00fchendab veekindla kestakanga kergesti hingava pol\u00fcesterist soojustuskihiga. Tulemuseks on mitmek\u00fclgne jope, mis pakub just piisavalt soojust, v\u00f5imaldades seda kanda t-s\u00e4rgi peal v\u00f5i raskema jakki all, kui temperatuurid langevad. Lisaks sisaldab kope n\u00f6\u00f6biga esiosa, s\u00e4rk krae, kahte k\u00fcljetaskut lukuga ja rinnataskut [&hellip;]<\/p>\n","protected":false},"featured_media":414697,"template":"","meta":{"_acf_changed":false},"product_brand":[],"product_cat":[696,299],"product_tag":[659],"class_list":{"0":"post-414686","1":"product","2":"type-product","3":"status-publish","4":"has-post-thumbnail","6":"product_cat-muud-riided","7":"product_cat-puksid","8":"product_tag-more-colors","9":"pa_brand-craft","10":"pa_suurus-xs","11":"pa_suurus-s","12":"pa_suurus-m","13":"pa_suurus-l","14":"pa_suurus-xl","15":"pa_suurus-xxl","16":"pa_varv-must","18":"first","19":"instock","20":"taxable","21":"shipping-taxable","22":"purchasable","23":"product-type-variable","24":"has-default-attributes"},"acf":[],"_links":{"self":[{"href":"https:\/\/fifaa.ee\/en\/wp-json\/wp\/v2\/product\/414686","targetHints":{"allow":["GET"]}}],"collection":[{"href":"https:\/\/fifaa.ee\/en\/wp-json\/wp\/v2\/product"}],"about":[{"href":"https:\/\/fifaa.ee\/en\/wp-json\/wp\/v2\/types\/product"}],"wp:featuredmedia":[{"embeddable":true,"href":"https:\/\/fifaa.ee\/en\/wp-json\/wp\/v2\/media\/414697"}],"wp:attachment":[{"href":"https:\/\/fifaa.ee\/en\/wp-json\/wp\/v2\/media?parent=414686"}],"wp:term":[{"taxonomy":"product_brand","embeddable":true,"href":"https:\/\/fifaa.ee\/en\/wp-json\/wp\/v2\/product_brand?post=414686"},{"taxonomy":"product_cat","embeddable":true,"href":"https:\/\/fifaa.ee\/en\/wp-json\/wp\/v2\/product_cat?post=414686"},{"taxonomy":"product_tag","embeddable":true,"href":"https:\/\/fifaa.ee\/en\/wp-json\/wp\/v2\/product_tag?post=414686"}],"curies":[{"name":"wp","href":"https:\/\/api.w.org\/{rel}","templated":true}]}}