{"id":416038,"date":"2026-04-02T15:14:39","date_gmt":"2026-04-02T12:14:39","guid":{"rendered":"https:\/\/fifaa.ee\/?post_type=product&#038;p=416038"},"modified":"2026-04-02T15:38:23","modified_gmt":"2026-04-02T12:38:23","slug":"pro-dry-nanoweight-ls-w","status":"publish","type":"product","link":"https:\/\/fifaa.ee\/en\/product\/pro-dry-nanoweight-ls-w\/","title":{"rendered":"PRO Dry Nanoweight LS W"},"content":{"rendered":"<p>A long-sleeved base layer shirt designed for top-level athletes. The garment is made from an exceptionally thin mesh fabric and features taped details, ensuring a tight and lightweight construction. The perfect choice if you need the best possible moisture transport from the skin to the next layer.<\/p>\n<p>\u2022 Recycled polyester<br \/>\n\u2022 Taped details<br \/>\n\u2022 Raglan sleeves<\/p>","protected":false},"excerpt":{"rendered":"<p>Pikkade varrukatega aluskihts\u00e4rk, mis on loodud tipptasemel sportlastele. R\u00f5ivas on valmistatud erakordselt \u00f5hukesest v\u00f5rkkangast ning sisaldab teibitud detaile, tagades tiheda ja kerge konstruktsiooni. T\u00e4iuslik valik, kui vajad parimat v\u00f5imalikku niiskuse transporti nahalt j\u00e4rgmise kihini. \u2022 Taaskasutatud pol\u00fcester \u2022 Teibitud detailid \u2022 Raglani varrukad<\/p>","protected":false},"featured_media":416051,"template":"","meta":{"_acf_changed":false},"product_brand":[],"product_cat":[222,259],"product_tag":[],"class_list":{"0":"post-416038","1":"product","2":"type-product","3":"status-publish","4":"has-post-thumbnail","6":"product_cat-sargid","7":"product_cat-spordisark","8":"pa_brand-craft","9":"pa_suurus-xs","10":"pa_suurus-s","11":"pa_suurus-m","12":"pa_suurus-l","13":"pa_suurus-xl","14":"pa_suurus-xxl","15":"pa_varv-must","17":"first","18":"instock","19":"taxable","20":"shipping-taxable","21":"purchasable","22":"product-type-variable","23":"has-default-attributes"},"acf":[],"_links":{"self":[{"href":"https:\/\/fifaa.ee\/en\/wp-json\/wp\/v2\/product\/416038","targetHints":{"allow":["GET"]}}],"collection":[{"href":"https:\/\/fifaa.ee\/en\/wp-json\/wp\/v2\/product"}],"about":[{"href":"https:\/\/fifaa.ee\/en\/wp-json\/wp\/v2\/types\/product"}],"wp:featuredmedia":[{"embeddable":true,"href":"https:\/\/fifaa.ee\/en\/wp-json\/wp\/v2\/media\/416051"}],"wp:attachment":[{"href":"https:\/\/fifaa.ee\/en\/wp-json\/wp\/v2\/media?parent=416038"}],"wp:term":[{"taxonomy":"product_brand","embeddable":true,"href":"https:\/\/fifaa.ee\/en\/wp-json\/wp\/v2\/product_brand?post=416038"},{"taxonomy":"product_cat","embeddable":true,"href":"https:\/\/fifaa.ee\/en\/wp-json\/wp\/v2\/product_cat?post=416038"},{"taxonomy":"product_tag","embeddable":true,"href":"https:\/\/fifaa.ee\/en\/wp-json\/wp\/v2\/product_tag?post=416038"}],"curies":[{"name":"wp","href":"https:\/\/api.w.org\/{rel}","templated":true}]}}