{"id":5040,"date":"2024-04-29T23:19:16","date_gmt":"2024-04-29T20:19:16","guid":{"rendered":"https:\/\/fifaa.ee\/product\/5-paneeliga-nokamuts-must\/"},"modified":"2026-05-14T14:35:07","modified_gmt":"2026-05-14T11:35:07","slug":"5-paneeliga-nokamuts-must","status":"publish","type":"product","link":"https:\/\/fifaa.ee\/en\/product\/5-paneeliga-nokamuts-must\/","title":{"rendered":"5-panel beanie, unisex"},"content":{"rendered":"<p>\u2013 FAST DELIVERY POSSIBLE!<br \/>\n\u2013 100% cotton fabric 5-panel beanie is practical, comfortable and durable<br \/>\n\u2013 The front panel is seamless and has a size adjuster on the back<br \/>\n\u2013 The beanie is ideal for printing and logo embroidery<br \/>\n\u2013 A great promotional gift or personalized accessory<\/p>","protected":false},"excerpt":{"rendered":"<p>&#8211; V\u00d5IMALIK KIIRE TARNE! &#8211; 100% puuvillasest kangast 5-paneeliline nokam\u00fcts on praktiline, mugav ja vastupidav &#8211; Esipaneel on ilma \u00f5mblusteta ning tagumisel osal on suuruse regulaator &#8211; Nokam\u00fcts sobib ideaalselt tr\u00fckkimiseks ja logo tikkimiseks &#8211; Suurep\u00e4rane reklaamkingitus v\u00f5i isikup\u00e4rane aksessuaar<\/p>","protected":false},"featured_media":6273,"template":"","meta":{"_acf_changed":false},"product_brand":[],"product_cat":[217,218],"product_tag":[658,657],"class_list":{"0":"post-5040","1":"product","2":"type-product","3":"status-publish","4":"has-post-thumbnail","6":"product_cat-mutsid","7":"product_cat-nokamuts","8":"product_tag-diy","9":"product_tag-f-t","10":"pa_brand-beechfield","11":"pa_eco-ei","12":"pa_materjal-100-puuvill","13":"pa_sugu-unisex","14":"pa_suurus-onesize","15":"pa_varv-must","17":"first","18":"instock","19":"taxable","20":"shipping-taxable","21":"purchasable","22":"product-type-variable","23":"has-default-attributes","24":"product-type-zakeke","25":"product-type-external"},"acf":[],"_links":{"self":[{"href":"https:\/\/fifaa.ee\/en\/wp-json\/wp\/v2\/product\/5040","targetHints":{"allow":["GET"]}}],"collection":[{"href":"https:\/\/fifaa.ee\/en\/wp-json\/wp\/v2\/product"}],"about":[{"href":"https:\/\/fifaa.ee\/en\/wp-json\/wp\/v2\/types\/product"}],"wp:featuredmedia":[{"embeddable":true,"href":"https:\/\/fifaa.ee\/en\/wp-json\/wp\/v2\/media\/6273"}],"wp:attachment":[{"href":"https:\/\/fifaa.ee\/en\/wp-json\/wp\/v2\/media?parent=5040"}],"wp:term":[{"taxonomy":"product_brand","embeddable":true,"href":"https:\/\/fifaa.ee\/en\/wp-json\/wp\/v2\/product_brand?post=5040"},{"taxonomy":"product_cat","embeddable":true,"href":"https:\/\/fifaa.ee\/en\/wp-json\/wp\/v2\/product_cat?post=5040"},{"taxonomy":"product_tag","embeddable":true,"href":"https:\/\/fifaa.ee\/en\/wp-json\/wp\/v2\/product_tag?post=5040"}],"curies":[{"name":"wp","href":"https:\/\/api.w.org\/{rel}","templated":true}]}}