{"id":5071,"date":"2024-04-29T23:19:45","date_gmt":"2024-04-29T20:19:45","guid":{"rendered":"https:\/\/fifaa.ee\/product\/beebibodi-0-3-kuud\/"},"modified":"2026-05-14T14:35:08","modified_gmt":"2026-05-14T11:35:08","slug":"beebibodi-0-3-kuud","status":"publish","type":"product","link":"https:\/\/fifaa.ee\/en\/product\/beebibodi-0-3-kuud\/","title":{"rendered":"Baby body, children"},"content":{"rendered":"<p>\u2013 This baby bodysuit is made of 100% organic cotton<br \/>\n\u2013 Hidden seams and nickel-free snaps ensure maximum comfort for delicate skin<br \/>\n\u2013 Bodysuits are great for giving as they are great for printing both the company logo and message on the fabric surface.<br \/>\n\u2013 Baby bodysuits are practical and cute gifts that create positive emotions<br \/>\n\u2013 If your company gives its employees a baby bodysuit as a gift, your brand will be associated with positive and pleasant moments<br \/>\n\u2013 Sizes 0-3 months, 5-12 months, 12-18 months<\/p>","protected":false},"excerpt":{"rendered":"<p>&#8211; See beebibodi on valmistatud 100% orgaanlisest puuvillast &#8211; Peidetud \u00f5mblused ja niklivabad trukid tagavad maksimaalse mugavuse \u00f5rnale nahale &#8211; Body sobib h\u00e4sti kinkimiseks, kuna kanga pinnale on v\u00e4ga hea tr\u00fckkida nii ettv\u00f5tte logo kui ka s\u00f5numit &#8211; Beebibodid on praktilised ja armsad kingitused, mis loovad positiivseid emotsioone &#8211; Kui teie ettev\u00f5te teeb oma t\u00f6\u00f6tajatele [&hellip;]<\/p>\n","protected":false},"featured_media":6085,"template":"","meta":{"_acf_changed":false},"product_brand":[],"product_cat":[223,222],"product_tag":[658,657,659],"class_list":{"0":"post-5071","1":"product","2":"type-product","3":"status-publish","4":"has-post-thumbnail","6":"product_cat-beebibodi","7":"product_cat-sargid","8":"product_tag-diy","9":"product_tag-f-t","10":"product_tag-more-colors","11":"pa_brand-mantis","12":"pa_eco-ei","13":"pa_materjal-100-puuvill","14":"pa_sugu-lapsed","15":"pa_suurus-0-3","16":"pa_suurus-12-18","17":"pa_suurus-3-6","18":"pa_suurus-6-12","19":"pa_varv-valge-new","21":"first","22":"instock","23":"taxable","24":"shipping-taxable","25":"purchasable","26":"product-type-variable","27":"has-default-attributes","28":"product-type-zakeke","29":"product-type-external"},"acf":[],"_links":{"self":[{"href":"https:\/\/fifaa.ee\/en\/wp-json\/wp\/v2\/product\/5071","targetHints":{"allow":["GET"]}}],"collection":[{"href":"https:\/\/fifaa.ee\/en\/wp-json\/wp\/v2\/product"}],"about":[{"href":"https:\/\/fifaa.ee\/en\/wp-json\/wp\/v2\/types\/product"}],"wp:featuredmedia":[{"embeddable":true,"href":"https:\/\/fifaa.ee\/en\/wp-json\/wp\/v2\/media\/6085"}],"wp:attachment":[{"href":"https:\/\/fifaa.ee\/en\/wp-json\/wp\/v2\/media?parent=5071"}],"wp:term":[{"taxonomy":"product_brand","embeddable":true,"href":"https:\/\/fifaa.ee\/en\/wp-json\/wp\/v2\/product_brand?post=5071"},{"taxonomy":"product_cat","embeddable":true,"href":"https:\/\/fifaa.ee\/en\/wp-json\/wp\/v2\/product_cat?post=5071"},{"taxonomy":"product_tag","embeddable":true,"href":"https:\/\/fifaa.ee\/en\/wp-json\/wp\/v2\/product_tag?post=5071"}],"curies":[{"name":"wp","href":"https:\/\/api.w.org\/{rel}","templated":true}]}}