{"id":5201,"date":"2024-04-29T23:19:57","date_gmt":"2024-04-29T20:19:57","guid":{"rendered":"https:\/\/fifaa.ee\/product\/jakk-varsity-meeste\/"},"modified":"2026-05-14T14:35:08","modified_gmt":"2026-05-14T11:35:08","slug":"jakk-varsity-meeste","status":"publish","type":"product","link":"https:\/\/fifaa.ee\/en\/product\/jakk-varsity-meeste\/","title":{"rendered":"Varsity jacket, men"},"content":{"rendered":"<p>\u2013 A varsity jacket, also known as a letterman jacket, is a traditional suit-like jacket worn by high school and college students in the United States to showcase their achievements and represent their school or team.<br \/>\n\u2013 The jacket is usually made of a wool blend fabric and features the school&#039;s colors and logo<br \/>\n\u2013 We offer a comfortable Varsity jacket in various colors<br \/>\n\u2013 Made of 100% cotton, with sewn-in collar and sleeves in different colors<br \/>\n\u2013 With snaps at the front, suitable for both men and women<br \/>\n\u2013 Ideal for printing or logo embroidery<br \/>\n\u2013 The jacket is ideal for work wear, celebrating major anniversaries, or wearing at promotional events and trade fairs.<\/p>","protected":false},"excerpt":{"rendered":"<p>&#8211; Varsity-jakk, tuntud ka kui letterman-jakk, on traditsiooniline \u00fclikonna sarnane jope, mida kannavad USA keskkooli ja kolled\u017ei \u00f5pilased oma saavutuste n\u00e4itamiseks, et esindada oma kooli v\u00f5i meeskonda &#8211; Jakk on tavaliselt valmistatud villasegu kangast ning sellel on kooli v\u00e4rvid ja logo &#8211; Pakume mugavat Varsity jakki erinevates v\u00e4rvitoonides &#8211; Valmistatud 100% puuvillast, \u00f5mmeldud krae ja [&hellip;]<\/p>\n","protected":false},"featured_media":6198,"template":"","meta":{"_acf_changed":false},"product_brand":[],"product_cat":[655,227],"product_tag":[658,657,659],"class_list":{"0":"post-5201","1":"product","2":"type-product","3":"status-publish","4":"has-post-thumbnail","6":"product_cat-kolledzi-pusa","7":"product_cat-pusad","8":"product_tag-diy","9":"product_tag-f-t","10":"product_tag-more-colors","11":"pa_brand-henbury","12":"pa_eco-ei","13":"pa_materjal-70-puuvill-30-poluester","14":"pa_sugu-mehed","15":"pa_suurus-l","16":"pa_suurus-m","17":"pa_suurus-s","18":"pa_suurus-xl","19":"pa_suurus-xs","20":"pa_suurus-xxl","21":"pa_varv-must","22":"pa_varv-sinine","23":"pa_varv-valge-new","25":"first","26":"instock","27":"taxable","28":"shipping-taxable","29":"purchasable","30":"product-type-variable","31":"has-default-attributes","32":"product-type-zakeke","33":"product-type-external"},"acf":[],"_links":{"self":[{"href":"https:\/\/fifaa.ee\/en\/wp-json\/wp\/v2\/product\/5201","targetHints":{"allow":["GET"]}}],"collection":[{"href":"https:\/\/fifaa.ee\/en\/wp-json\/wp\/v2\/product"}],"about":[{"href":"https:\/\/fifaa.ee\/en\/wp-json\/wp\/v2\/types\/product"}],"wp:featuredmedia":[{"embeddable":true,"href":"https:\/\/fifaa.ee\/en\/wp-json\/wp\/v2\/media\/6198"}],"wp:attachment":[{"href":"https:\/\/fifaa.ee\/en\/wp-json\/wp\/v2\/media?parent=5201"}],"wp:term":[{"taxonomy":"product_brand","embeddable":true,"href":"https:\/\/fifaa.ee\/en\/wp-json\/wp\/v2\/product_brand?post=5201"},{"taxonomy":"product_cat","embeddable":true,"href":"https:\/\/fifaa.ee\/en\/wp-json\/wp\/v2\/product_cat?post=5201"},{"taxonomy":"product_tag","embeddable":true,"href":"https:\/\/fifaa.ee\/en\/wp-json\/wp\/v2\/product_tag?post=5201"}],"curies":[{"name":"wp","href":"https:\/\/api.w.org\/{rel}","templated":true}]}}