{"id":5267,"date":"2024-04-29T23:20:16","date_gmt":"2024-04-29T20:20:16","guid":{"rendered":"https:\/\/fifaa.ee\/product\/kapuutsita-pusa-authentic-unisex\/"},"modified":"2026-05-05T12:35:06","modified_gmt":"2026-05-05T09:35:06","slug":"kapuutsita-pusa-authentic-unisex","status":"publish","type":"product","link":"https:\/\/fifaa.ee\/en\/product\/kapuutsita-pusa-authentic-unisex\/","title":{"rendered":"Authentic hoodie, unisex"},"content":{"rendered":"<p>\u2013 IN STOCK NOW AVAILABLE!<br \/>\n\u2013 A sweatshirt with a round neckline and classic cut is a great and stylish choice for those who value everyday quality and comfort<br \/>\n\u2013 The product has a brushed fleece lining inside<br \/>\n\u2013 The surface of the sweatshirt is smooth, which makes the product ideal for printing or embroidery, allowing you to add personality to the product with your own branding<br \/>\n\u2013 Russell sweatshirts are soft and durable, a firm favorite of our customers<br \/>\n\u2013 Material: 80% cotton, 20% polyester, grammage 280 g\/m2<\/p>","protected":false},"excerpt":{"rendered":"<p>&#8211; LAOS KOHE SAADAVAL! &#8211; \u00dcmara kaeluse ja klassikalise l\u00f5ikega pusa on suurep\u00e4rane ja stiilne valik neile, kes hindavad igap\u00e4evast kvaliteeti ja mugavust &#8211; Tootel on sees harjatud fliisvooder &#8211; Pusa pealispind on sile, mis teeb toote pinna ideaalselt tr\u00fckitavaks v\u00f5i tikitavaks, v\u00f5imaldades lisada tootele oma br\u00e4ndinguga isikup\u00e4ra &#8211; Russelli pusad on pehmed ning vastupidavad, [&hellip;]<\/p>\n","protected":false},"featured_media":6226,"template":"","meta":{"_acf_changed":false},"product_brand":[],"product_cat":[227,310],"product_tag":[658,657,674,659],"class_list":{"0":"post-5267","1":"product","2":"type-product","3":"status-publish","4":"has-post-thumbnail","6":"product_cat-pusad","7":"product_cat-kapuutsita-pusa","8":"product_tag-diy","9":"product_tag-f-t","10":"product_tag-hooajaline","11":"product_tag-more-colors","12":"pa_brand-russell","13":"pa_eco-ei","14":"pa_materjal-80-puuvill-20-poluester","15":"pa_sugu-unisex","16":"pa_suurus-xs","17":"pa_suurus-s","18":"pa_suurus-m","19":"pa_suurus-l","20":"pa_suurus-xl","21":"pa_suurus-xxl","22":"pa_suurus-3xl","23":"pa_suurus-4xl","24":"pa_varv-hall","25":"pa_varv-must","26":"pa_varv-pruun","27":"pa_varv-punane","28":"pa_varv-roheline","29":"pa_varv-roosa","30":"pa_varv-sinine","31":"pa_varv-valge-new","33":"first","34":"instock","35":"taxable","36":"shipping-taxable","37":"purchasable","38":"product-type-variable","39":"has-default-attributes","40":"product-type-zakeke","41":"product-type-external"},"acf":[],"_links":{"self":[{"href":"https:\/\/fifaa.ee\/en\/wp-json\/wp\/v2\/product\/5267","targetHints":{"allow":["GET"]}}],"collection":[{"href":"https:\/\/fifaa.ee\/en\/wp-json\/wp\/v2\/product"}],"about":[{"href":"https:\/\/fifaa.ee\/en\/wp-json\/wp\/v2\/types\/product"}],"wp:featuredmedia":[{"embeddable":true,"href":"https:\/\/fifaa.ee\/en\/wp-json\/wp\/v2\/media\/6226"}],"wp:attachment":[{"href":"https:\/\/fifaa.ee\/en\/wp-json\/wp\/v2\/media?parent=5267"}],"wp:term":[{"taxonomy":"product_brand","embeddable":true,"href":"https:\/\/fifaa.ee\/en\/wp-json\/wp\/v2\/product_brand?post=5267"},{"taxonomy":"product_cat","embeddable":true,"href":"https:\/\/fifaa.ee\/en\/wp-json\/wp\/v2\/product_cat?post=5267"},{"taxonomy":"product_tag","embeddable":true,"href":"https:\/\/fifaa.ee\/en\/wp-json\/wp\/v2\/product_tag?post=5267"}],"curies":[{"name":"wp","href":"https:\/\/api.w.org\/{rel}","templated":true}]}}