{"id":5376,"date":"2024-04-29T23:20:39","date_gmt":"2024-04-29T20:20:39","guid":{"rendered":"https:\/\/fifaa.ee\/product\/authentic-kapuutsiga-pusa-meeste\/"},"modified":"2026-05-14T15:35:08","modified_gmt":"2026-05-14T12:35:08","slug":"authentic-kapuutsiga-pusa-meeste","status":"publish","type":"product","link":"https:\/\/fifaa.ee\/en\/product\/authentic-kapuutsiga-pusa-meeste\/","title":{"rendered":"Authentic hoodie, men"},"content":{"rendered":"<p>\u2013 IN STOCK NOW AVAILABLE!<br \/>\n\u2013 Soft hoodie combines comfort, style and practicality<br \/>\n\u2013 The product has a brushed fleece lining inside and a kangaroo pocket on the front<br \/>\n\u2013 The surface of the sweatshirt is smooth, which makes the product ideal for printing or embroidery, allowing you to add personality to the product with your own branding<br \/>\n\u2013 Russell sweatshirts are soft and durable, a firm favorite of our customers<br \/>\n\u2013 80% cotton, 20% polyester, 280 g\/m2<\/p>","protected":false},"excerpt":{"rendered":"<p>&#8211; LAOS KOHE SAADAVAL! &#8211; Pehme kapuutsiga pusa \u00fchendab endas mugavust, stiilsust ja praktilisust &#8211; Tootel on sees harjatud fliisvooder ja ees k\u00e4ngurutasku &#8211; Pusa pealispind on sile, mis teeb toote pinna ideaalselt tr\u00fckitavaks v\u00f5i tikitavaks, v\u00f5imaldades lisada tootele oma br\u00e4ndinguga isikup\u00e4ra &#8211; Russelli pusad on pehmed ning vastupidavad, meie klientide kindlad lemmikud &#8211; 80% [&hellip;]<\/p>\n","protected":false},"featured_media":6200,"template":"","meta":{"_acf_changed":false},"product_brand":[],"product_cat":[311,227],"product_tag":[658,657,659],"class_list":{"0":"post-5376","1":"product","2":"type-product","3":"status-publish","4":"has-post-thumbnail","6":"product_cat-kapuutsiga-pusa","7":"product_cat-pusad","8":"product_tag-diy","9":"product_tag-f-t","10":"product_tag-more-colors","11":"pa_brand-russell","12":"pa_eco-ei","13":"pa_materjal-80-puuvill-20-poluester","14":"pa_sugu-mehed","15":"pa_suurus-3xl","16":"pa_suurus-4xl","17":"pa_suurus-l","18":"pa_suurus-m","19":"pa_suurus-s","20":"pa_suurus-xl","21":"pa_suurus-xs","22":"pa_suurus-xxl","23":"pa_varv-hall","24":"pa_varv-must","25":"pa_varv-sinine","26":"pa_varv-valge-new","28":"first","29":"instock","30":"taxable","31":"shipping-taxable","32":"purchasable","33":"product-type-variable","34":"has-default-attributes","35":"product-type-zakeke","36":"product-type-external"},"acf":[],"_links":{"self":[{"href":"https:\/\/fifaa.ee\/en\/wp-json\/wp\/v2\/product\/5376","targetHints":{"allow":["GET"]}}],"collection":[{"href":"https:\/\/fifaa.ee\/en\/wp-json\/wp\/v2\/product"}],"about":[{"href":"https:\/\/fifaa.ee\/en\/wp-json\/wp\/v2\/types\/product"}],"wp:featuredmedia":[{"embeddable":true,"href":"https:\/\/fifaa.ee\/en\/wp-json\/wp\/v2\/media\/6200"}],"wp:attachment":[{"href":"https:\/\/fifaa.ee\/en\/wp-json\/wp\/v2\/media?parent=5376"}],"wp:term":[{"taxonomy":"product_brand","embeddable":true,"href":"https:\/\/fifaa.ee\/en\/wp-json\/wp\/v2\/product_brand?post=5376"},{"taxonomy":"product_cat","embeddable":true,"href":"https:\/\/fifaa.ee\/en\/wp-json\/wp\/v2\/product_cat?post=5376"},{"taxonomy":"product_tag","embeddable":true,"href":"https:\/\/fifaa.ee\/en\/wp-json\/wp\/v2\/product_tag?post=5376"}],"curies":[{"name":"wp","href":"https:\/\/api.w.org\/{rel}","templated":true}]}}