{"id":5529,"date":"2024-04-29T23:21:43","date_gmt":"2024-04-29T20:21:43","guid":{"rendered":"https:\/\/fifaa.ee\/product\/puuvillane-ostukott-must\/"},"modified":"2026-05-14T15:35:09","modified_gmt":"2026-05-14T12:35:09","slug":"puuvillane-ostukott-must","status":"publish","type":"product","link":"https:\/\/fifaa.ee\/en\/product\/puuvillane-ostukott-must\/","title":{"rendered":"Cotton shopping bag, unisex"},"content":{"rendered":"<p>\u2013 IN STOCK NOW AVAILABLE!<br \/>\n\u2013 Strong and durable shopping bag made of 100% cotton \u2013 Grammage 140 g\/m\u00b2, capacity 10 L.<br \/>\n\u2013 The bag measures 38 x 42 cm, which provides enough space for various uses<br \/>\n\u2013 Medium-sized handles (67 cm) allow the bag to be comfortably carried both in the hand and on the shoulder. This makes the bag very versatile and comfortable to use<br \/>\n\u2013 This shopping bag is ideal for both printing and embroidery. The decoration area is 33 x 36 cm, where we can print your company message, image or logo<br \/>\n\u2013 A practical and stylish choice for both everyday use and as a promotional gift, ensuring that your brand is constantly visible and in motion<\/p>","protected":false},"excerpt":{"rendered":"<p>&#8211; LAOS KOHE SAADAVAL! &#8211; Tugev ja vastupidav ostukott, mis on valmistatud 100% puuvillast &#8211; Grammkaal 140 g\/m\u00b2, mahutavus 10 L. &#8211; Kotil on m\u00f5\u00f5dud 38 x 42 cm, mis pakuvad piisavalt ruumi erinevateks kasutusv\u00f5imalusteks &#8211; Keskmise suurusega k\u00e4epidemed (67 cm) v\u00f5imaldavad kotti mugavalt kanda nii k\u00e4es kui ka \u00f5lal. See muudab koti v\u00e4ga mitmek\u00fclgseks [&hellip;]<\/p>\n","protected":false},"featured_media":6690,"template":"","meta":{"_acf_changed":false},"product_brand":[],"product_cat":[232,656],"product_tag":[658,657,659],"class_list":{"0":"post-5529","1":"product","2":"type-product","3":"status-publish","4":"has-post-thumbnail","6":"product_cat-kotid","7":"product_cat-riidest-ostukott","8":"product_tag-diy","9":"product_tag-f-t","10":"product_tag-more-colors","11":"pa_brand-westford-mill","12":"pa_eco-ei","13":"pa_materjal-100-puuvill","14":"pa_sugu-unisex","15":"pa_suurus-onesize","16":"pa_varv-must","17":"pa_varv-valge-new","19":"first","20":"instock","21":"taxable","22":"shipping-taxable","23":"purchasable","24":"product-type-variable","25":"has-default-attributes","26":"product-type-zakeke","27":"product-type-external"},"acf":[],"_links":{"self":[{"href":"https:\/\/fifaa.ee\/en\/wp-json\/wp\/v2\/product\/5529","targetHints":{"allow":["GET"]}}],"collection":[{"href":"https:\/\/fifaa.ee\/en\/wp-json\/wp\/v2\/product"}],"about":[{"href":"https:\/\/fifaa.ee\/en\/wp-json\/wp\/v2\/types\/product"}],"wp:featuredmedia":[{"embeddable":true,"href":"https:\/\/fifaa.ee\/en\/wp-json\/wp\/v2\/media\/6690"}],"wp:attachment":[{"href":"https:\/\/fifaa.ee\/en\/wp-json\/wp\/v2\/media?parent=5529"}],"wp:term":[{"taxonomy":"product_brand","embeddable":true,"href":"https:\/\/fifaa.ee\/en\/wp-json\/wp\/v2\/product_brand?post=5529"},{"taxonomy":"product_cat","embeddable":true,"href":"https:\/\/fifaa.ee\/en\/wp-json\/wp\/v2\/product_cat?post=5529"},{"taxonomy":"product_tag","embeddable":true,"href":"https:\/\/fifaa.ee\/en\/wp-json\/wp\/v2\/product_tag?post=5529"}],"curies":[{"name":"wp","href":"https:\/\/api.w.org\/{rel}","templated":true}]}}