{"id":5535,"date":"2024-04-29T23:21:46","date_gmt":"2024-04-29T20:21:46","guid":{"rendered":"https:\/\/fifaa.ee\/product\/orgaanilisest-puuvillast-ostukott-natural\/"},"modified":"2026-05-14T14:35:09","modified_gmt":"2026-05-14T11:35:09","slug":"orgaanilisest-puuvillast-ostukott-natural","status":"publish","type":"product","link":"https:\/\/fifaa.ee\/en\/product\/orgaanilisest-puuvillast-ostukott-natural\/","title":{"rendered":"Organic cotton shopping bag, unisex"},"content":{"rendered":"<p>\u2013 IN STOCK NOW AVAILABLE!<br \/>\n\u2013 EarthAware\u2122 natural white shopping bag is an environmentally friendly and durable choice for a promotional gift<br \/>\n\u2013 Made from 100% organic cotton<br \/>\n\u2013 Grammage 340 g\/m\u00b2<br \/>\n\u2013 Premium quality<br \/>\n\u2013 The length of the handles is 67 cm and the capacity is 10 liters<br \/>\n\u2013 The bag measures 38 x 42 cm. Thanks to its large printing area (33 x 36 cm), it provides a great opportunity to convey your company&#039;s branding and message through various printing technologies.<br \/>\n\u2013 A cloth bag customized with your company logo is an eco-friendly gift and a sustainable choice for companies that want to make a corporate gift based on sustainability<\/p>","protected":false},"excerpt":{"rendered":"<p>&#8211; LAOS KOHE SAADAVAL! &#8211; EarthAware\u2122 naturaalvalge poekott on keskkonnas\u00f5bralik ja vastupidav valik reklaamkingituseks &#8211; Valmistatud 100% orgaanilisest puuvillast &#8211; Grammkaal 340 g\/m\u00b2 &#8211; Premium kvaliteet &#8211; Sangade pikkus on 67 cm ja mahutavus 10 liitrit &#8211; Koti m\u00f5\u00f5tmed on 38 x 42 cm. T\u00e4nu oma suurele tr\u00fckipindalale (33 x 36 cm) annab see hea [&hellip;]<\/p>\n","protected":false},"featured_media":6689,"template":"","meta":{"_acf_changed":false},"product_brand":[],"product_cat":[232,656],"product_tag":[658,657],"class_list":{"0":"post-5535","1":"product","2":"type-product","3":"status-publish","4":"has-post-thumbnail","6":"product_cat-kotid","7":"product_cat-riidest-ostukott","8":"product_tag-diy","9":"product_tag-f-t","10":"pa_brand-westford-mill","11":"pa_eco-ei","12":"pa_materjal-100-puuvill","13":"pa_sugu-unisex","14":"pa_suurus-onesize","15":"pa_varv-valge-new","17":"first","18":"instock","19":"taxable","20":"shipping-taxable","21":"purchasable","22":"product-type-variable","23":"has-default-attributes","24":"product-type-zakeke","25":"product-type-external"},"acf":[],"_links":{"self":[{"href":"https:\/\/fifaa.ee\/en\/wp-json\/wp\/v2\/product\/5535","targetHints":{"allow":["GET"]}}],"collection":[{"href":"https:\/\/fifaa.ee\/en\/wp-json\/wp\/v2\/product"}],"about":[{"href":"https:\/\/fifaa.ee\/en\/wp-json\/wp\/v2\/types\/product"}],"wp:featuredmedia":[{"embeddable":true,"href":"https:\/\/fifaa.ee\/en\/wp-json\/wp\/v2\/media\/6689"}],"wp:attachment":[{"href":"https:\/\/fifaa.ee\/en\/wp-json\/wp\/v2\/media?parent=5535"}],"wp:term":[{"taxonomy":"product_brand","embeddable":true,"href":"https:\/\/fifaa.ee\/en\/wp-json\/wp\/v2\/product_brand?post=5535"},{"taxonomy":"product_cat","embeddable":true,"href":"https:\/\/fifaa.ee\/en\/wp-json\/wp\/v2\/product_cat?post=5535"},{"taxonomy":"product_tag","embeddable":true,"href":"https:\/\/fifaa.ee\/en\/wp-json\/wp\/v2\/product_tag?post=5535"}],"curies":[{"name":"wp","href":"https:\/\/api.w.org\/{rel}","templated":true}]}}