{"id":6413,"date":"2024-07-30T15:19:04","date_gmt":"2024-07-30T12:19:04","guid":{"rendered":"https:\/\/fifaa.ee\/product\/new-era-nokamuts-9forty\/"},"modified":"2026-05-14T15:35:09","modified_gmt":"2026-05-14T12:35:09","slug":"new-era-nokamuts-9forty","status":"publish","type":"product","link":"https:\/\/fifaa.ee\/en\/product\/new-era-nokamuts-9forty\/","title":{"rendered":"New Era 9FORTY beanie, unisex"},"content":{"rendered":"<p>\u2013 THE WORLD&#039;S MOST FAMOUS HAT BRAND NEW ERA AVAILABLE ONLY FROM US!<br \/>\n\u2013 In stock immediately available<br \/>\n\u2013 New Era 9Forty Snapback cap, curved peak<br \/>\n\u2013 Made of cotton and has a New Era logo embroidered on the side<br \/>\n\u2013 With a variety of color options, every company can find their favorite, which can be personalized with a logo<br \/>\n\u2013 A hat with an embroidered logo is the perfect gift for your employees, for company advertising or for an event<\/p>","protected":false},"excerpt":{"rendered":"<p>&#8211; MAAILMA TUNTUIM M\u00dcTSIBR\u00c4ND NEW ERA SAADAVAL VAID MEIL! &#8211; Laos kohe saadaval &#8211; New Era 9Forty Snapback nokam\u00fcts, kaardus nokaga &#8211; Valmistatud puuvillast ja k\u00fcljel on tikutud New Era logo &#8211; Erinevatest v\u00e4rvivalikuteks leiab iga ettev\u00f5tte oma lemmiku, mida saab personaliseerida logoga &#8211; Tikitud logoga peakate on ideaalne kingitus oma t\u00f6\u00f6tajatele, firma reklaamiks v\u00f5i [&hellip;]<\/p>\n","protected":false},"featured_media":6530,"template":"","meta":{"_acf_changed":false},"product_brand":[],"product_cat":[217,218],"product_tag":[658,657,659],"class_list":{"0":"post-6413","1":"product","2":"type-product","3":"status-publish","4":"has-post-thumbnail","6":"product_cat-mutsid","7":"product_cat-nokamuts","8":"product_tag-diy","9":"product_tag-f-t","10":"product_tag-more-colors","11":"pa_brand-new-era","12":"pa_eco-ei","13":"pa_materjal-100-puuvill","14":"pa_sugu-unisex","15":"pa_suurus-onesize","16":"pa_varv-beez","17":"pa_varv-kollane","18":"pa_varv-must","19":"pa_varv-sinine","21":"first","22":"instock","23":"taxable","24":"shipping-taxable","25":"purchasable","26":"product-type-variable","27":"has-default-attributes","28":"product-type-zakeke","29":"product-type-external"},"acf":[],"_links":{"self":[{"href":"https:\/\/fifaa.ee\/en\/wp-json\/wp\/v2\/product\/6413","targetHints":{"allow":["GET"]}}],"collection":[{"href":"https:\/\/fifaa.ee\/en\/wp-json\/wp\/v2\/product"}],"about":[{"href":"https:\/\/fifaa.ee\/en\/wp-json\/wp\/v2\/types\/product"}],"wp:featuredmedia":[{"embeddable":true,"href":"https:\/\/fifaa.ee\/en\/wp-json\/wp\/v2\/media\/6530"}],"wp:attachment":[{"href":"https:\/\/fifaa.ee\/en\/wp-json\/wp\/v2\/media?parent=6413"}],"wp:term":[{"taxonomy":"product_brand","embeddable":true,"href":"https:\/\/fifaa.ee\/en\/wp-json\/wp\/v2\/product_brand?post=6413"},{"taxonomy":"product_cat","embeddable":true,"href":"https:\/\/fifaa.ee\/en\/wp-json\/wp\/v2\/product_cat?post=6413"},{"taxonomy":"product_tag","embeddable":true,"href":"https:\/\/fifaa.ee\/en\/wp-json\/wp\/v2\/product_tag?post=6413"}],"curies":[{"name":"wp","href":"https:\/\/api.w.org\/{rel}","templated":true}]}}