{"id":6419,"date":"2024-07-30T15:19:05","date_gmt":"2024-07-30T12:19:05","guid":{"rendered":"https:\/\/fifaa.ee\/product\/new-era-sirge-nokaga-muts-snap-s-m\/"},"modified":"2026-05-14T15:35:09","modified_gmt":"2026-05-14T12:35:09","slug":"new-era-sirge-nokaga-muts-snap-s-m","status":"publish","type":"product","link":"https:\/\/fifaa.ee\/en\/product\/new-era-sirge-nokaga-muts-snap-s-m\/","title":{"rendered":"NE COTTON SNAP NEW ERA, unisex"},"content":{"rendered":"<p>\u2013 THE WORLD&#039;S MOST FAMOUS HAT BRAND NEW ERA AVAILABLE ONLY FROM US!<br \/>\n\u2013 In stock immediately available<br \/>\n\u2013 This beanie stands out from the rest with its timeless design, high quality and durability<br \/>\n\u2013 The company logo can be added to the front of the hat either as a print or embroidery<br \/>\n\u2013 The New Era logo is embroidered on the left side, adding character and value to the hat<br \/>\n\u2013 The adjustable snapback fastening and fitted shape of the cap provide maximum comfort<br \/>\n\u2013 Perfect for team hats, exclusive branded advertising or personalized gifts<\/p>","protected":false},"excerpt":{"rendered":"<p>&#8211; MAAILMA TUNTUIM M\u00dcTSIBR\u00c4ND NEW ERA SAADAVAL VAID MEIL! &#8211; Laos kohe saadaval &#8211; See nokam\u00fcts eristub teistest ajatu disainiga, on kvaliteetne ja vastupidav &#8211; M\u00fctsi esiosale saab lisada ettev\u00f5tte logo kas tr\u00fcki v\u00f5i tikandina &#8211; Vasakul k\u00fcljel on tikitud New Era logo, mis lisab m\u00fctsile iseloomu ja v\u00e4\u00e4rtust &#8211; Nokam\u00fctsi reguleeritav snapback-kinnitus ja sobiv [&hellip;]<\/p>\n","protected":false},"featured_media":6526,"template":"","meta":{"_acf_changed":false},"product_brand":[],"product_cat":[694],"product_tag":[658,657,659],"class_list":{"0":"post-6419","1":"product","2":"type-product","3":"status-publish","4":"has-post-thumbnail","6":"product_cat-cap","7":"product_tag-diy","8":"product_tag-f-t","9":"product_tag-more-colors","10":"pa_brand-new-era","11":"pa_eco-ei","12":"pa_materjal-100-puuvill","13":"pa_sugu-unisex","14":"pa_suurus-m-l","15":"pa_suurus-s-m","16":"pa_varv-must","18":"first","19":"instock","20":"taxable","21":"shipping-taxable","22":"purchasable","23":"product-type-variable","24":"has-default-attributes","25":"product-type-zakeke","26":"product-type-external"},"acf":[],"_links":{"self":[{"href":"https:\/\/fifaa.ee\/en\/wp-json\/wp\/v2\/product\/6419","targetHints":{"allow":["GET"]}}],"collection":[{"href":"https:\/\/fifaa.ee\/en\/wp-json\/wp\/v2\/product"}],"about":[{"href":"https:\/\/fifaa.ee\/en\/wp-json\/wp\/v2\/types\/product"}],"wp:featuredmedia":[{"embeddable":true,"href":"https:\/\/fifaa.ee\/en\/wp-json\/wp\/v2\/media\/6526"}],"wp:attachment":[{"href":"https:\/\/fifaa.ee\/en\/wp-json\/wp\/v2\/media?parent=6419"}],"wp:term":[{"taxonomy":"product_brand","embeddable":true,"href":"https:\/\/fifaa.ee\/en\/wp-json\/wp\/v2\/product_brand?post=6419"},{"taxonomy":"product_cat","embeddable":true,"href":"https:\/\/fifaa.ee\/en\/wp-json\/wp\/v2\/product_cat?post=6419"},{"taxonomy":"product_tag","embeddable":true,"href":"https:\/\/fifaa.ee\/en\/wp-json\/wp\/v2\/product_tag?post=6419"}],"curies":[{"name":"wp","href":"https:\/\/api.w.org\/{rel}","templated":true}]}}