{"id":6422,"date":"2024-07-30T15:19:05","date_gmt":"2024-07-30T12:19:05","guid":{"rendered":"https:\/\/fifaa.ee\/product\/new-era-kootud-muts-essential\/"},"modified":"2026-05-14T14:35:08","modified_gmt":"2026-05-14T11:35:08","slug":"new-era-kootud-muts-essential","status":"publish","type":"product","link":"https:\/\/fifaa.ee\/en\/product\/new-era-kootud-muts-essential\/","title":{"rendered":"NE ESTL BEANIE NE, unisex"},"content":{"rendered":"<p>\u2013 THE WORLD&#039;S MOST FAMOUS HAT BRAND NEW ERA AVAILABLE ONLY FROM US!<br \/>\n\u2013 In stock immediately available<br \/>\n\u2013 The New Era Plain Essential Black Beanie knit hat offers a classic design and durable comfort<br \/>\n\u2013 The New Era logo is embroidered on the side, emphasizing the brand&#039;s exclusivity, recognition and quality<br \/>\n\u2013 The simple and elegant look of the hat is perfect for embroidering your company logo<br \/>\n\u2013 Matching hats help emphasize your team&#039;s cohesion and are a great gift for both your employees and partners<\/p>","protected":false},"excerpt":{"rendered":"<p>&#8211; MAAILMA TUNTUIM M\u00dcTSIBR\u00c4ND NEW ERA SAADAVAL VAID MEIL! &#8211; Laos kohe saadaval &#8211; New Era Plain Essential Black Beanie kootud m\u00fcts pakub klassikalist disaini ja vastupidavat mugavust &#8211; K\u00fcljel on tikitud New Era logo r\u00f5hutades br\u00e4ndi eksklusiivsust, tuntust ja kvaliteeti &#8211; M\u00fctsi lihtne ja elegantne v\u00e4limus sobib suurep\u00e4raselt teie ettev\u00f5tte logo tikkimiseks &#8211; \u00dchesugused [&hellip;]<\/p>\n","protected":false},"featured_media":6528,"template":"","meta":{"_acf_changed":false},"product_brand":[],"product_cat":[685],"product_tag":[658,657],"class_list":{"0":"post-6422","1":"product","2":"type-product","3":"status-publish","4":"has-post-thumbnail","6":"product_cat-beanie","7":"product_tag-diy","8":"product_tag-f-t","9":"pa_brand-new-era","10":"pa_eco-ei","11":"pa_materjal-100-puuvill","12":"pa_sugu-unisex","13":"pa_suurus-onesize","14":"pa_varv-must","16":"first","17":"instock","18":"taxable","19":"shipping-taxable","20":"purchasable","21":"product-type-variable","22":"has-default-attributes","23":"product-type-zakeke","24":"product-type-external"},"acf":[],"_links":{"self":[{"href":"https:\/\/fifaa.ee\/en\/wp-json\/wp\/v2\/product\/6422","targetHints":{"allow":["GET"]}}],"collection":[{"href":"https:\/\/fifaa.ee\/en\/wp-json\/wp\/v2\/product"}],"about":[{"href":"https:\/\/fifaa.ee\/en\/wp-json\/wp\/v2\/types\/product"}],"wp:featuredmedia":[{"embeddable":true,"href":"https:\/\/fifaa.ee\/en\/wp-json\/wp\/v2\/media\/6528"}],"wp:attachment":[{"href":"https:\/\/fifaa.ee\/en\/wp-json\/wp\/v2\/media?parent=6422"}],"wp:term":[{"taxonomy":"product_brand","embeddable":true,"href":"https:\/\/fifaa.ee\/en\/wp-json\/wp\/v2\/product_brand?post=6422"},{"taxonomy":"product_cat","embeddable":true,"href":"https:\/\/fifaa.ee\/en\/wp-json\/wp\/v2\/product_cat?post=6422"},{"taxonomy":"product_tag","embeddable":true,"href":"https:\/\/fifaa.ee\/en\/wp-json\/wp\/v2\/product_tag?post=6422"}],"curies":[{"name":"wp","href":"https:\/\/api.w.org\/{rel}","templated":true}]}}