{"id":6424,"date":"2024-07-30T15:19:06","date_gmt":"2024-07-30T12:19:06","guid":{"rendered":"https:\/\/fifaa.ee\/product\/spordisark-active-laste\/"},"modified":"2026-05-14T16:35:08","modified_gmt":"2026-05-14T13:35:08","slug":"spordisark-active-laste","status":"publish","type":"product","link":"https:\/\/fifaa.ee\/en\/product\/spordisark-active-laste\/","title":{"rendered":"Active sweatshirt, children"},"content":{"rendered":"<p>\u2013 BASIC COLORS NOW IN STOCK!<br \/>\n\u2013 A sports shirt for kids is a great choice if you want to represent your kindergarten group, dance team or sports club<br \/>\n\u2013 This shirt offers a variety of logo, text and image printing options<br \/>\n\u2013 Affordable price for years of quality<br \/>\n\u2013 The fabric is durable and does not become stuffy even after several washes<br \/>\n\u2013 Shirts are also available for women and men<br \/>\n\u2013 100% polyester<br \/>\n\u2013 With UV protection, ensuring durability and comfort.<\/p>","protected":false},"excerpt":{"rendered":"<p>&#8211; P\u00d5HIV\u00c4RVID KOHE LAOS OLEMAS! &#8211; Spordis\u00e4rk lastele on suurep\u00e4rane valik, kui soovite oma lasteaia r\u00fchma, tantsutiimi v\u00f5i spordiklubi esindada &#8211; See s\u00e4rk pakub mitmesuguseid logo, tekstide ja piltide tr\u00fckkimise v\u00f5imalusi &#8211; Taskukohase hinna eest saab kvaliteeti aastateks &#8211; Kangas on vastupidav ja ei l\u00e4he isegi p\u00e4rast mitmeid pesukordi topiliseks &#8211; S\u00e4rke on saadaval ka [&hellip;]<\/p>\n","protected":false},"featured_media":6539,"template":"","meta":{"_acf_changed":false},"product_brand":[],"product_cat":[222,259],"product_tag":[658,657,659],"class_list":{"0":"post-6424","1":"product","2":"type-product","3":"status-publish","4":"has-post-thumbnail","6":"product_cat-sargid","7":"product_cat-spordisark","8":"product_tag-diy","9":"product_tag-f-t","10":"product_tag-more-colors","11":"pa_brand-clique","12":"pa_eco-ei","13":"pa_materjal-100-poluester","14":"pa_sugu-lapsed","15":"pa_suurus-110-120","16":"pa_suurus-130-140","17":"pa_suurus-150-160","18":"pa_varv-must","19":"pa_varv-sinine","20":"pa_varv-valge-new","22":"first","23":"instock","24":"taxable","25":"shipping-taxable","26":"purchasable","27":"product-type-variable","28":"has-default-attributes","29":"product-type-zakeke","30":"product-type-external"},"acf":[],"_links":{"self":[{"href":"https:\/\/fifaa.ee\/en\/wp-json\/wp\/v2\/product\/6424","targetHints":{"allow":["GET"]}}],"collection":[{"href":"https:\/\/fifaa.ee\/en\/wp-json\/wp\/v2\/product"}],"about":[{"href":"https:\/\/fifaa.ee\/en\/wp-json\/wp\/v2\/types\/product"}],"wp:featuredmedia":[{"embeddable":true,"href":"https:\/\/fifaa.ee\/en\/wp-json\/wp\/v2\/media\/6539"}],"wp:attachment":[{"href":"https:\/\/fifaa.ee\/en\/wp-json\/wp\/v2\/media?parent=6424"}],"wp:term":[{"taxonomy":"product_brand","embeddable":true,"href":"https:\/\/fifaa.ee\/en\/wp-json\/wp\/v2\/product_brand?post=6424"},{"taxonomy":"product_cat","embeddable":true,"href":"https:\/\/fifaa.ee\/en\/wp-json\/wp\/v2\/product_cat?post=6424"},{"taxonomy":"product_tag","embeddable":true,"href":"https:\/\/fifaa.ee\/en\/wp-json\/wp\/v2\/product_tag?post=6424"}],"curies":[{"name":"wp","href":"https:\/\/api.w.org\/{rel}","templated":true}]}}