{"id":6437,"date":"2024-07-30T15:19:07","date_gmt":"2024-07-30T12:19:07","guid":{"rendered":"https:\/\/fifaa.ee\/product\/spordisark-active-meeste\/"},"modified":"2026-05-14T14:35:09","modified_gmt":"2026-05-14T11:35:09","slug":"spordisark-active-meeste","status":"publish","type":"product","link":"https:\/\/fifaa.ee\/en\/product\/spordisark-active-meeste\/","title":{"rendered":"Active sweatshirt, men"},"content":{"rendered":"<p>\u2013 BASIC COLORS NOW IN STOCK!<br \/>\n\u2013 A sports shirt for men is a great choice if you want to represent your company team or sports club at sporting events or distribute shirts to promote an active lifestyle<br \/>\n\u2013 This shirt offers a variety of logo, text and image printing options<br \/>\n\u2013 Affordable price for years of quality<br \/>\n\u2013 The fabric is durable and does not become stuffy even after several washes<br \/>\n\u2013 Shirts are also available for women and children<br \/>\n\u2013 100% polyester<br \/>\n\u2013 With UV protection, ensuring durability and comfort.<\/p>","protected":false},"excerpt":{"rendered":"<p>&#8211; P\u00d5HIV\u00c4RVID KOHE LAOS OLEMAS! &#8211; Spordis\u00e4rk meestele on suurep\u00e4rane valik, kui soovite oma ettev\u00f5tte tiimi v\u00f5i spordiklubi esindada spordi\u00fcritustel v\u00f5i jagada s\u00e4rke aktiivse eluviisi edendamiseks &#8211; See s\u00e4rk pakub mitmesuguseid logo, tekstide ja piltide tr\u00fckkimise v\u00f5imalusi &#8211; Taskukohase hinna eest saab kvaliteeti aastateks &#8211; Kangas on vastupidav ja ei l\u00e4he isegi p\u00e4rast mitmeid pesukordi [&hellip;]<\/p>\n","protected":false},"featured_media":6537,"template":"","meta":{"_acf_changed":false},"product_brand":[],"product_cat":[222,259],"product_tag":[658,657,659],"class_list":{"0":"post-6437","1":"product","2":"type-product","3":"status-publish","4":"has-post-thumbnail","6":"product_cat-sargid","7":"product_cat-spordisark","8":"product_tag-diy","9":"product_tag-f-t","10":"product_tag-more-colors","11":"pa_brand-clique","12":"pa_eco-ei","13":"pa_materjal-100-poluester","14":"pa_sugu-mehed","15":"pa_suurus-3xl","16":"pa_suurus-4xl","17":"pa_suurus-l","18":"pa_suurus-m","19":"pa_suurus-s","20":"pa_suurus-xl","21":"pa_suurus-xs","22":"pa_suurus-xxl","23":"pa_varv-must","24":"pa_varv-sinine","25":"pa_varv-valge-new","27":"first","28":"instock","29":"taxable","30":"shipping-taxable","31":"purchasable","32":"product-type-variable","33":"has-default-attributes","34":"product-type-zakeke","35":"product-type-external"},"acf":[],"_links":{"self":[{"href":"https:\/\/fifaa.ee\/en\/wp-json\/wp\/v2\/product\/6437","targetHints":{"allow":["GET"]}}],"collection":[{"href":"https:\/\/fifaa.ee\/en\/wp-json\/wp\/v2\/product"}],"about":[{"href":"https:\/\/fifaa.ee\/en\/wp-json\/wp\/v2\/types\/product"}],"wp:featuredmedia":[{"embeddable":true,"href":"https:\/\/fifaa.ee\/en\/wp-json\/wp\/v2\/media\/6537"}],"wp:attachment":[{"href":"https:\/\/fifaa.ee\/en\/wp-json\/wp\/v2\/media?parent=6437"}],"wp:term":[{"taxonomy":"product_brand","embeddable":true,"href":"https:\/\/fifaa.ee\/en\/wp-json\/wp\/v2\/product_brand?post=6437"},{"taxonomy":"product_cat","embeddable":true,"href":"https:\/\/fifaa.ee\/en\/wp-json\/wp\/v2\/product_cat?post=6437"},{"taxonomy":"product_tag","embeddable":true,"href":"https:\/\/fifaa.ee\/en\/wp-json\/wp\/v2\/product_tag?post=6437"}],"curies":[{"name":"wp","href":"https:\/\/api.w.org\/{rel}","templated":true}]}}