{"id":6707,"date":"2024-09-25T16:00:29","date_gmt":"2024-09-25T13:00:29","guid":{"rendered":"https:\/\/fifaa.ee\/product\/cotton-touch-sublimatsioonisark-naiste-xs-naised\/"},"modified":"2026-05-14T14:35:09","modified_gmt":"2026-05-14T11:35:09","slug":"cotton-touch-sublimatsioonisark-naiste-xs-naised","status":"publish","type":"product","link":"https:\/\/fifaa.ee\/en\/product\/cotton-touch-sublimatsioonisark-naiste-xs-naised\/","title":{"rendered":"Custom made T-shirt Cotton-touch, women"},"content":{"rendered":"<p>\u2013 100% shirt designed according to your ideas<br \/>\n\u2013 The shirt is made in Estonia as a tailor-made solution from scratch with exactly the color solutions and design desired by the customer<br \/>\n\u2013 Any desired logos and designs can be painted into the shirt, which ensures long-term durability of the product and print<br \/>\n\u2013 A great opportunity to stand out<br \/>\n\u2013 Cotton-Touch fabric is a polyester fabric, but it offers a pleasant, cotton-like soft touch to the body<\/p>","protected":false},"excerpt":{"rendered":"<p>&#8211; 100% sinu ideede j\u00e4rgi kujundatav s\u00e4rk &#8211; S\u00e4rk valmistatakse Eestis r\u00e4tseplahendusena nullist t\u00e4pselt kliendi soovitud v\u00e4rvilahenduste ja kujundusega &#8211; S\u00e4rgi sisse on v\u00f5imalik v\u00e4rvida ka k\u00f5ik soovitud logod ja kujundid, mis tagab toote ja tr\u00fcki pikaajalise kestvuse &#8211; Suurep\u00e4rane v\u00f5imalus eristuda &#8211; Cotton-Touch kangas on k\u00fcll pol\u00fcester kangas, kuid pakub kehale m\u00f5nusat puuvilla-laadset pehmet [&hellip;]<\/p>\n","protected":false},"featured_media":6763,"template":"","meta":{"_acf_changed":false},"product_brand":[],"product_cat":[222,259],"product_tag":[657,659],"class_list":{"0":"post-6707","1":"product","2":"type-product","3":"status-publish","4":"has-post-thumbnail","6":"product_cat-sargid","7":"product_cat-spordisark","8":"product_tag-f-t","9":"product_tag-more-colors","10":"pa_brand-fifaa","11":"pa_eco-ei","12":"pa_materjal-94-poluester-6-elastaan","13":"pa_sugu-naised","14":"pa_suurus-2xl","15":"pa_suurus-l","16":"pa_suurus-m","17":"pa_suurus-s","18":"pa_suurus-xl","19":"pa_suurus-xs","20":"pa_varv-valge-new","22":"first","23":"instock","24":"taxable","25":"shipping-taxable","26":"purchasable","27":"product-type-variable","28":"has-default-attributes"},"acf":[],"_links":{"self":[{"href":"https:\/\/fifaa.ee\/en\/wp-json\/wp\/v2\/product\/6707","targetHints":{"allow":["GET"]}}],"collection":[{"href":"https:\/\/fifaa.ee\/en\/wp-json\/wp\/v2\/product"}],"about":[{"href":"https:\/\/fifaa.ee\/en\/wp-json\/wp\/v2\/types\/product"}],"wp:featuredmedia":[{"embeddable":true,"href":"https:\/\/fifaa.ee\/en\/wp-json\/wp\/v2\/media\/6763"}],"wp:attachment":[{"href":"https:\/\/fifaa.ee\/en\/wp-json\/wp\/v2\/media?parent=6707"}],"wp:term":[{"taxonomy":"product_brand","embeddable":true,"href":"https:\/\/fifaa.ee\/en\/wp-json\/wp\/v2\/product_brand?post=6707"},{"taxonomy":"product_cat","embeddable":true,"href":"https:\/\/fifaa.ee\/en\/wp-json\/wp\/v2\/product_cat?post=6707"},{"taxonomy":"product_tag","embeddable":true,"href":"https:\/\/fifaa.ee\/en\/wp-json\/wp\/v2\/product_tag?post=6707"}],"curies":[{"name":"wp","href":"https:\/\/api.w.org\/{rel}","templated":true}]}}