{"id":6756,"date":"2024-09-25T16:00:32","date_gmt":"2024-09-25T13:00:32","guid":{"rendered":"https:\/\/fifaa.ee\/product\/sublimatsiooni-spordisark-naiste-xs-naised\/"},"modified":"2026-05-14T16:35:07","modified_gmt":"2026-05-14T13:35:07","slug":"sublimatsiooni-spordisark-naiste-xs-naised","status":"publish","type":"product","link":"https:\/\/fifaa.ee\/en\/product\/sublimatsiooni-spordisark-naiste-xs-naised\/","title":{"rendered":"Custom made sports shirt, women"},"content":{"rendered":"<p>\u2013 100% shirt designed according to your ideas<br \/>\n\u2013 The shirt is made in Estonia as a tailor-made solution from scratch with exactly the color solutions and design desired by the customer<br \/>\n\u2013 It is also possible to paint any desired logos and designs into the shirt, which ensures the long-term durability of the product and print even during the most intense sports activities<br \/>\n\u2013 A great opportunity to stand out with your team at your next sports competition<br \/>\n\u2013 The fabric of the sports shirt offers a pleasant and soft touch to the body while being quick-drying, stretchy and highly functional<\/p>","protected":false},"excerpt":{"rendered":"<p>&#8211; 100% sinu ideede j\u00e4rgi kujundatav s\u00e4rk &#8211; S\u00e4rk valmistatakse Eestis r\u00e4tseplahendusena nullist t\u00e4pselt kliendi soovitud v\u00e4rvilahenduste ja kujundusega &#8211; S\u00e4rgi sisse on v\u00f5imalik v\u00e4rvida ka k\u00f5ik soovitud logod ja kujundid, mis tagab toote ja tr\u00fcki pikaajalise kestvuse ka k\u00f5ige intensiivsemal sportimisel &#8211; Suurep\u00e4rane v\u00f5imalus oma tiimiga j\u00e4rgmisel spordiv\u00f5istlusel eristuda &#8211; Spordis\u00e4rgi kangas pakub kehale [&hellip;]<\/p>\n","protected":false},"featured_media":6763,"template":"","meta":{"_acf_changed":false},"product_brand":[],"product_cat":[222,259],"product_tag":[657,659],"class_list":{"0":"post-6756","1":"product","2":"type-product","3":"status-publish","4":"has-post-thumbnail","6":"product_cat-sargid","7":"product_cat-spordisark","8":"product_tag-f-t","9":"product_tag-more-colors","10":"pa_brand-fifaa","11":"pa_eco-ei","12":"pa_materjal-100-poluester","13":"pa_sugu-naised","14":"pa_suurus-2xl","15":"pa_suurus-l","16":"pa_suurus-m","17":"pa_suurus-s","18":"pa_suurus-xl","19":"pa_suurus-xs","20":"pa_varv-valge-new","22":"first","23":"instock","24":"taxable","25":"shipping-taxable","26":"purchasable","27":"product-type-variable","28":"has-default-attributes"},"acf":[],"_links":{"self":[{"href":"https:\/\/fifaa.ee\/en\/wp-json\/wp\/v2\/product\/6756","targetHints":{"allow":["GET"]}}],"collection":[{"href":"https:\/\/fifaa.ee\/en\/wp-json\/wp\/v2\/product"}],"about":[{"href":"https:\/\/fifaa.ee\/en\/wp-json\/wp\/v2\/types\/product"}],"wp:featuredmedia":[{"embeddable":true,"href":"https:\/\/fifaa.ee\/en\/wp-json\/wp\/v2\/media\/6763"}],"wp:attachment":[{"href":"https:\/\/fifaa.ee\/en\/wp-json\/wp\/v2\/media?parent=6756"}],"wp:term":[{"taxonomy":"product_brand","embeddable":true,"href":"https:\/\/fifaa.ee\/en\/wp-json\/wp\/v2\/product_brand?post=6756"},{"taxonomy":"product_cat","embeddable":true,"href":"https:\/\/fifaa.ee\/en\/wp-json\/wp\/v2\/product_cat?post=6756"},{"taxonomy":"product_tag","embeddable":true,"href":"https:\/\/fifaa.ee\/en\/wp-json\/wp\/v2\/product_tag?post=6756"}],"curies":[{"name":"wp","href":"https:\/\/api.w.org\/{rel}","templated":true}]}}