{"id":8019,"date":"2024-10-24T23:48:29","date_gmt":"2024-10-24T20:48:29","guid":{"rendered":"https:\/\/fifaa.ee\/product\/freestyler-vintage-unisex\/"},"modified":"2026-05-14T05:37:16","modified_gmt":"2026-05-14T02:37:16","slug":"freestyler-vintage-unisex","status":"publish","type":"product","link":"https:\/\/fifaa.ee\/en\/product\/freestyler-vintage-unisex\/","title":{"rendered":"Freestyler Vintage, Unisex"},"content":{"rendered":"<p>Built-in sleeve<br \/>\n1\u00d71 rib at the neckline<br \/>\nDouble zips on the sleeve cuffs and hem<br \/>\nSelf-fabric neck tape on the back<br \/>\nSlightly rougher fabric properties<br \/>\nLight shading at the seams to give a washed look.<br \/>\nGarment dyed product, each garment may vary in appearance, color may stain, follow our care label<br \/>\nRead the printing recommendations carefully<\/p>","protected":false},"excerpt":{"rendered":"<p>Unisex r\u00f5ivas v\u00e4rvitud raske kaaluga T-s\u00e4rk<\/p>","protected":false},"featured_media":271075,"template":"","meta":{"_acf_changed":false},"product_brand":[],"product_cat":[225],"product_tag":[659],"class_list":{"0":"post-8019","1":"product","2":"type-product","3":"status-publish","4":"has-post-thumbnail","6":"product_cat-t-sark","7":"product_tag-more-colors","8":"pa_brand-stanley-stella","9":"pa_sugu-unisex","10":"pa_suurus-3xl","11":"pa_suurus-l","12":"pa_suurus-m","13":"pa_suurus-s","14":"pa_suurus-xl","15":"pa_suurus-xs","16":"pa_suurus-xxl","17":"pa_suurus-xxs","18":"pa_varv-hall","19":"pa_varv-lilla","20":"pa_varv-must","21":"pa_varv-pruun","22":"pa_varv-roheline","23":"pa_varv-sinine","25":"first","26":"instock","27":"taxable","28":"shipping-taxable","29":"purchasable","30":"product-type-variable","31":"has-default-attributes"},"acf":[],"_links":{"self":[{"href":"https:\/\/fifaa.ee\/en\/wp-json\/wp\/v2\/product\/8019","targetHints":{"allow":["GET"]}}],"collection":[{"href":"https:\/\/fifaa.ee\/en\/wp-json\/wp\/v2\/product"}],"about":[{"href":"https:\/\/fifaa.ee\/en\/wp-json\/wp\/v2\/types\/product"}],"wp:featuredmedia":[{"embeddable":true,"href":"https:\/\/fifaa.ee\/en\/wp-json\/wp\/v2\/media\/271075"}],"wp:attachment":[{"href":"https:\/\/fifaa.ee\/en\/wp-json\/wp\/v2\/media?parent=8019"}],"wp:term":[{"taxonomy":"product_brand","embeddable":true,"href":"https:\/\/fifaa.ee\/en\/wp-json\/wp\/v2\/product_brand?post=8019"},{"taxonomy":"product_cat","embeddable":true,"href":"https:\/\/fifaa.ee\/en\/wp-json\/wp\/v2\/product_cat?post=8019"},{"taxonomy":"product_tag","embeddable":true,"href":"https:\/\/fifaa.ee\/en\/wp-json\/wp\/v2\/product_tag?post=8019"}],"curies":[{"name":"wp","href":"https:\/\/api.w.org\/{rel}","templated":true}]}}