{"id":8427,"date":"2024-10-24T23:49:55","date_gmt":"2024-10-24T20:49:55","guid":{"rendered":"https:\/\/fifaa.ee\/product\/blaster-unisex\/"},"modified":"2026-02-02T05:40:00","modified_gmt":"2026-02-02T03:40:00","slug":"blaster-unisex","status":"publish","type":"product","link":"https:\/\/fifaa.ee\/en\/product\/blaster-unisex\/","title":{"rendered":"Blaster, Unisex"},"content":{"rendered":"<p>Built-in sleeve<br \/>\nDropped shoulder<br \/>\nWide 1\u00d71 ribbed collar with single topstitching<br \/>\nSelf-fabric neck tape on the back<br \/>\nSleeve hem and bottom hem with wide double stitching<\/p>","protected":false},"excerpt":{"rendered":"<p>Unisex \u00fclisuur k\u00f5rge kaelusega T-s\u00e4rk<\/p>","protected":false},"featured_media":8426,"template":"","meta":{"_acf_changed":false},"product_brand":[],"product_cat":[225],"product_tag":[659],"class_list":{"0":"post-8427","1":"product","2":"type-product","3":"status-publish","4":"has-post-thumbnail","6":"product_cat-t-sark","7":"product_tag-more-colors","8":"pa_sugu-unisex","9":"pa_suurus-3xl","10":"pa_suurus-l","11":"pa_suurus-m","12":"pa_suurus-s","13":"pa_suurus-xl","14":"pa_suurus-xs","15":"pa_suurus-xxl","16":"pa_suurus-xxs","17":"pa_varv-must","18":"pa_varv-valge-new","20":"first","21":"instock","22":"taxable","23":"shipping-taxable","24":"purchasable","25":"product-type-variable","26":"has-default-attributes"},"acf":[],"_links":{"self":[{"href":"https:\/\/fifaa.ee\/en\/wp-json\/wp\/v2\/product\/8427","targetHints":{"allow":["GET"]}}],"collection":[{"href":"https:\/\/fifaa.ee\/en\/wp-json\/wp\/v2\/product"}],"about":[{"href":"https:\/\/fifaa.ee\/en\/wp-json\/wp\/v2\/types\/product"}],"wp:featuredmedia":[{"embeddable":true,"href":"https:\/\/fifaa.ee\/en\/wp-json\/wp\/v2\/media\/8426"}],"wp:attachment":[{"href":"https:\/\/fifaa.ee\/en\/wp-json\/wp\/v2\/media?parent=8427"}],"wp:term":[{"taxonomy":"product_brand","embeddable":true,"href":"https:\/\/fifaa.ee\/en\/wp-json\/wp\/v2\/product_brand?post=8427"},{"taxonomy":"product_cat","embeddable":true,"href":"https:\/\/fifaa.ee\/en\/wp-json\/wp\/v2\/product_cat?post=8427"},{"taxonomy":"product_tag","embeddable":true,"href":"https:\/\/fifaa.ee\/en\/wp-json\/wp\/v2\/product_tag?post=8427"}],"curies":[{"name":"wp","href":"https:\/\/api.w.org\/{rel}","templated":true}]}}